{"id":597,"date":"2020-12-30T20:06:58","date_gmt":"2020-12-30T19:06:58","guid":{"rendered":"https:\/\/bretton.pl\/?page_id=597"},"modified":"2021-01-10T14:04:18","modified_gmt":"2021-01-10T13:04:18","slug":"polityka-prywatnosci","status":"publish","type":"page","link":"https:\/\/bretton.pl\/gb\/polityka-prywatnosci\/","title":{"rendered":"Polityka prywatno\u015bci"},"content":{"rendered":"\t\t<div data-elementor-type=\"wp-page\" data-elementor-id=\"597\" class=\"elementor elementor-597\">\n\t\t\t\t\t\t<section class=\"elementor-section elementor-top-section elementor-element elementor-element-6fd54f44 elementor-section-boxed elementor-section-height-default elementor-section-height-default\" data-id=\"6fd54f44\" data-element_type=\"section\">\n\t\t\t\t\t\t<div class=\"elementor-container elementor-column-gap-default\">\n\t\t\t\t\t<div class=\"elementor-column elementor-col-100 elementor-top-column elementor-element elementor-element-6bc62f05\" data-id=\"6bc62f05\" data-element_type=\"column\" data-settings=\"{&quot;background_background&quot;:&quot;classic&quot;}\">\n\t\t\t<div class=\"elementor-widget-wrap elementor-element-populated\">\n\t\t\t\t\t\t<div class=\"elementor-element elementor-element-5059b4c7 elementor-widget elementor-widget-heading\" data-id=\"5059b4c7\" data-element_type=\"widget\" data-widget_type=\"heading.default\">\n\t\t\t\t<div class=\"elementor-widget-container\">\n\t\t\t\t\t<h2 class=\"elementor-heading-title elementor-size-default\">\u00a7.1 Postanowienia Og\u00f3lne<\/h2>\t\t\t\t<\/div>\n\t\t\t\t<\/div>\n\t\t\t\t<div class=\"elementor-element elementor-element-c0ca534 elementor-widget elementor-widget-text-editor\" data-id=\"c0ca534\" data-element_type=\"widget\" data-widget_type=\"text-editor.default\">\n\t\t\t\t<div class=\"elementor-widget-container\">\n\t\t\t\t\t\t\t\t\t<ol><li>Administratorem danych jest BRETTON PAPER &amp; RECYCLING Sp. z o.o. z siedzib\u0105 w Gdyni przy al. Marsza\u0142ka Pi\u0142sudskiego 18\/3, 81-378 Gdynia, NIP:593-22-58-254, REGON: 192092881. Ochrona danych odbywa si\u0119 zgodnie z wymogami powszechnie obowi\u0105zuj\u0105cych przepis\u00f3w prawa, a ich przechowywanie ma miejsce na zabezpieczonych serwerach.<\/li><li>Dla interpretacji termin\u00f3w stosuje si\u0119 s\u0142owniczek Regulaminu lub tak jak zosta\u0142o to opisane w Polityce Prywatno\u015bci (je\u017celi wynika to bezpo\u015brednio z opisu).<\/li><li>Na potrzeby lepszego odbioru Polityki Prywatno\u015bci termin \u201eU\u017cytkownik\u201d zast\u0105piony zosta\u0142 okre\u015bleniem \u201eTy\u201d, \u201eAdministrator\u201d \u2013 \u201eMy\u201d. Termin \u201eRODO\u201d oznacza Rozporz\u0105dzenie Parlamentu Europejskiego i Rady (UE) 2016\/679 z dnia 27 kwietnia 2016 r. w sprawie ochrony os\u00f3b fizycznych w zwi\u0105zku z przetwarzaniem danych osobowych i w sprawie swobodnego przep\u0142ywu takich danych oraz uchylenia dyrektywy 95\/46\/WE.<\/li><li>Szanujemy prawo do prywatno\u015bci i dbamy o bezpiecze\u0144stwo danych.<\/li><li>Dane osobowe podawane w formularzu na stronie g\u0142\u00f3wnej s\u0105 traktowane jako poufne i nie s\u0105 widoczne dla os\u00f3b nieuprawnionych.<\/li><\/ol>\t\t\t\t\t\t\t\t<\/div>\n\t\t\t\t<\/div>\n\t\t\t\t<div class=\"elementor-element elementor-element-6da1b6a elementor-widget elementor-widget-heading\" data-id=\"6da1b6a\" data-element_type=\"widget\" data-widget_type=\"heading.default\">\n\t\t\t\t<div class=\"elementor-widget-container\">\n\t\t\t\t\t<h2 class=\"elementor-heading-title elementor-size-default\">\u00a72. Administrator Danych<\/h2>\t\t\t\t<\/div>\n\t\t\t\t<\/div>\n\t\t\t\t<div class=\"elementor-element elementor-element-2251433 elementor-widget elementor-widget-text-editor\" data-id=\"2251433\" data-element_type=\"widget\" data-widget_type=\"text-editor.default\">\n\t\t\t\t<div class=\"elementor-widget-container\">\n\t\t\t\t\t\t\t\t\t<ol><li>Us\u0142ugodawca jest administratorem danych swoich klient\u00f3w. Oznacza to, \u017ce je\u015bli korzystasz z formularza na naszej stronie, to przetwarzamy Twoje dane jak: adres e-mail, adres IP.<\/li><li>Dane osobowe przetwarzane s\u0105:<\/li><li>a. zgodnie z przepisami dotycz\u0105cymi ochrony danych osobowych<\/li><li>b. zgodnie z wdro\u017con\u0105 Polityk\u0105 Prywatno\u015bci<\/li><li>c. w zakresie i celu niezb\u0119dnym do nawi\u0105zania, ukszta\u0142towania tre\u015bci Umowy, zmiany b\u0105d\u017a jej rozwi\u0105zania oraz prawid\u0142owej realizacji Us\u0142ug \u015bwiadczonych drog\u0105 elektroniczn\u0105,<\/li><li>Ka\u017cda osoba, kt\u00f3rej dane dotycz\u0105 (je\u017celi jeste\u015bmy ich administratorem) ma prawo dost\u0119pu do danych, sprostowania, usuni\u0119cia lub ograniczenia przetwarzania, prawo sprzeciwu, prawo wniesienia skargi do organu nadzorczego.<\/li><li>Kontakt z osob\u0105 nadzoruj\u0105c\u0105 przetwarzanie danych osobowych w organizacji Us\u0142ugodawcy jest mo\u017cliwy drog\u0105 elektroniczn\u0105 pod adresem e-mail: biuro@bretton.com.pl.<\/li><li>Zastrzegamy sobie prawo do przetwarzania Twoich danych po rozwi\u0105zaniu Umowy lub cofni\u0119ciu zgody tylko w zakresie na potrzeby dochodzenia ewentualnych roszcze\u0144 przed s\u0105dem lub je\u017celi przepisy krajowe albo unijne b\u0105d\u017a prawa mi\u0119dzynarodowego obliguj\u0105 nas do retencji danych.<\/li><li>Us\u0142ugodawca ma prawo udost\u0119pnia\u0107 dane osobowe U\u017cytkownika oraz innych jego danych podmiotom upowa\u017cnionym na podstawie w\u0142a\u015bciwych przepis\u00f3w prawa (np. organom \u015bcigania).<\/li><li>Usuni\u0119cie danych osobowych mo\u017ce nast\u0105pi\u0107 na skutek cofni\u0119cia zgody b\u0105d\u017a wniesienia prawnie dopuszczalnego sprzeciwu na przetwarzanie danych osobowych.<\/li><li>Us\u0142ugodawca nie udost\u0119pniania danych osobowych innym podmiotom ani\u017celi upowa\u017cnionym na podstawie w\u0142a\u015bciwych przepis\u00f3w prawa.<\/li><li>Dane osobowe przetwarzaj\u0105 osoby wy\u0142\u0105cznie upowa\u017cnione przez nas albo przetwarzaj\u0105cy, z kt\u00f3rymi \u015bci\u015ble wsp\u00f3\u0142pracujemy.<\/li><\/ol>\t\t\t\t\t\t\t\t<\/div>\n\t\t\t\t<\/div>\n\t\t\t\t<div class=\"elementor-element elementor-element-af5f907 elementor-widget elementor-widget-heading\" data-id=\"af5f907\" data-element_type=\"widget\" data-widget_type=\"heading.default\">\n\t\t\t\t<div class=\"elementor-widget-container\">\n\t\t\t\t\t<h2 class=\"elementor-heading-title elementor-size-default\">\u00a73. Przetwarzanie danych osobowych a Twoje prawa<\/h2>\t\t\t\t<\/div>\n\t\t\t\t<\/div>\n\t\t\t\t<div class=\"elementor-element elementor-element-4fd5e161 elementor-widget elementor-widget-text-editor\" data-id=\"4fd5e161\" data-element_type=\"widget\" data-widget_type=\"text-editor.default\">\n\t\t\t\t<div class=\"elementor-widget-container\">\n\t\t\t\t\t\t\t\t\t<ol><li>W zwi\u0105zku z przetwarzaniem przez nas nale\u017c\u0105cych do Ciebie dany osobowych przys\u0142uguj\u0105 ci nast\u0119puj\u0105ce prawa:<\/li><\/ol><ul><li>prawo uzyskania dost\u0119pu do swoich danych, w\u0142\u0105czaj\u0105c w to uzyskanie kopii tych danych,<\/li><li>prawo za\u017c\u0105dania sprostowania danych,<\/li><li>prawo do ca\u0142kowitego usuni\u0119cia danych (o ile obowi\u0105zek ich przechowywania nie wynika z aktu wy\u017cszej rangi),<\/li><li>prawo do wniesienia skargi, kt\u00f3rego adresatem jest organ nadzorczy w kwestii ochrony danych osobowych,<\/li><li>prawo do zmniejszenia zakresu przetwarzania danych osobowych.<\/li><\/ul><ol><li>W przypadku przetwarzania danych, kt\u00f3re odbywa si\u0119 na podstawie zgody przys\u0142uguj\u0105 Ci dodatkowo poni\u017csze prawa:<\/li><\/ol><ul><li>prawo zgodnie, z kt\u00f3rym mo\u017cesz wycofa\u0107 zgod\u0119, zgodnie z zakresem w jakim dane s\u0105 przetwarzane.<\/li><\/ul><ol><li>W przypadku, gdy Twoje dane poddawane s\u0105 przetwarzaniu na podstawie zgody, lub w zakresie \u015bwiadczonej us\u0142ugi (dane niezb\u0119dne do \u015bwiadczenia us\u0142ugi) mo\u017cliwe jest skorzystanie z nast\u0119puj\u0105cych praw:<\/li><\/ol><ul><li>prawo dzi\u0119ki, kt\u00f3remu b\u0119dzie istnia\u0142a mo\u017cliwo\u015b\u0107 przeniesienia danych osobowych. W tym przypadki administrator Twoich danych osobowych przeka\u017ce dane osobowe w odpowiednio zorganizowanym pliku w powszechnym formacie, kt\u00f3re b\u0119d\u0105 si\u0119 nadawa\u0107 do odczytu maszynowego. Tego dane mog\u0105 by\u0107 przes\u0142ane przez Ciebie do innego administratora danych.<\/li><\/ul><ol><li>Je\u015bli chcia\u0142by\u015b skorzysta\u0107 z powy\u017cszych praw, mo\u017cesz skontaktowa\u0107 si\u0119 z administratorem ochrony danych w naszej firmie, kt\u00f3rego dane publikowali\u015bmy wy\u017cej.<\/li><\/ol>\t\t\t\t\t\t\t\t<\/div>\n\t\t\t\t<\/div>\n\t\t\t\t<div class=\"elementor-element elementor-element-100efed elementor-widget elementor-widget-heading\" data-id=\"100efed\" data-element_type=\"widget\" data-widget_type=\"heading.default\">\n\t\t\t\t<div class=\"elementor-widget-container\">\n\t\t\t\t\t<h2 class=\"elementor-heading-title elementor-size-default\">\u00a74. Pliki cookies<\/h2>\t\t\t\t<\/div>\n\t\t\t\t<\/div>\n\t\t\t\t<div class=\"elementor-element elementor-element-9c1313b elementor-widget elementor-widget-text-editor\" data-id=\"9c1313b\" data-element_type=\"widget\" data-widget_type=\"text-editor.default\">\n\t\t\t\t<div class=\"elementor-widget-container\">\n\t\t\t\t\t\t\t\t\t<ol><li>Witryna www.bretton.pl u\u017cywa cookies. S\u0105 to niewielkie pliki tekstowe wysy\u0142ane przez serwer www i przechowywane przez oprogramowanie komputera przegl\u0105darki. Kiedy przegl\u0105darka ponownie po\u0142\u0105czy si\u0119 ze stron\u0105, witryna rozpoznaje rodzaj urz\u0105dzenia, z kt\u00f3rego \u0142\u0105czy si\u0119 u\u017cytkownik. Parametry pozwalaj\u0105 na odczytanie informacji w nich zawartych jedynie serwerowi, kt\u00f3ry je utworzy\u0142. Cookies u\u0142atwiaj\u0105 wi\u0119c korzystanie z wcze\u015bniej odwiedzonych witryn.<\/li><li>Gromadzone informacje dotycz\u0105 adresu IP, typu wykorzystywanej przegl\u0105darki, j\u0119zyka, rodzaju systemu operacyjnego, dostawcy us\u0142ug internetowych, informacji o czasie i dacie, lokalizacji oraz informacji przesy\u0142anych do witryny za po\u015brednictwem formularza kontaktowego.<\/li><li>Zebrane dane s\u0142u\u017c\u0105 do monitorowania i sprawdzenia, w jaki spos\u00f3b u\u017cytkownicy korzystaj\u0105 z naszych witryn, aby usprawnia\u0107 funkcjonowanie serwisu zapewniaj\u0105c bardziej efektywn\u0105 i bezproblemow\u0105 nawigacj\u0119. Monitorowania informacji o u\u017cytkownikach dokonujemy korzystaj\u0105c z narz\u0119dzia Google Analitics, kt\u00f3re rejestruje zachowanie u\u017cytkownika na stronie.<\/li><li>Cookies identyfikuje u\u017cytkownika, co pozwala na dopasowanie tre\u015bci witryny, z kt\u00f3rej korzysta, do jego potrzeb. Zapami\u0119tuj\u0105c jego preferencje, umo\u017cliwia odpowiednie dopasowanie skierowanych do niego reklam. Stosujemy pliki cookies, aby zagwarantowa\u0107 najwy\u017cszy standard wygody naszego serwisu, a zebrane dane s\u0105 wykorzystywane jedynie wewn\u0105trz firmy BRETTON PAPER &amp; RECYCLING Sp. z o.o. w celu optymalizacji dzia\u0142a\u0144.<\/li><li>Na naszej witrynie wykorzystujemy pliki cookies:<\/li><li>a) \u201eniezb\u0119dne\u201d pliki cookies, umo\u017cliwiaj\u0105ce korzystanie z us\u0142ug dost\u0119pnych w ramach serwisu, np. uwierzytelniaj\u0105ce pliki cookies wykorzystywane do us\u0142ug wymagaj\u0105cych uwierzytelniania w ramach serwisu;<\/li><li>b) \u201epozosta\u0142e\u201d pliki cookies, umo\u017cliwiaj\u0105ce zapis ustawie\u0144 serwera do przechowywania sesji u\u017cytkownik\u00f3w.<\/li><li>c) \u201edodatkowe\u201d pliki cookies, umo\u017cliwiaj\u0105ce zbieranie informacji o sposobie korzystania ze stron internetowych serwisu czy analizy ruchu;<\/li><li>U\u017cytkownik w ka\u017cdej chwili ma mo\u017cliwo\u015b\u0107 wy\u0142\u0105czenia lub przywr\u00f3cenia opcji gromadzenia cookies poprzez zmian\u0119 ustawie\u0144 w przegl\u0105darce internetowej. Instrukcja zarz\u0105dzania plikami cookies jest dost\u0119pna na stronie<\/li><li>http:\/\/www.allaboutcookies.org\/manage-cookies<\/li><li>Dodatkowe dane osobowe, jak adres e-mail, zbierane s\u0105 jedynie w miejscach, w kt\u00f3rych u\u017cytkownik wype\u0142niaj\u0105c formularz wyra\u017anie wyrazi\u0142 na to zgod\u0119. Powy\u017csze dane zachowujemy i wykorzystujemy tylko do potrzeb niezb\u0119dnych do wykonania danej funkcji.<\/li><\/ol>\t\t\t\t\t\t\t\t<\/div>\n\t\t\t\t<\/div>\n\t\t\t\t<div class=\"elementor-element elementor-element-368553c2 elementor-widget elementor-widget-spacer\" data-id=\"368553c2\" data-element_type=\"widget\" data-widget_type=\"spacer.default\">\n\t\t\t\t<div class=\"elementor-widget-container\">\n\t\t\t\t\t\t\t<div class=\"elementor-spacer\">\n\t\t\t<div class=\"elementor-spacer-inner\"><\/div>\n\t\t<\/div>\n\t\t\t\t\t\t<\/div>\n\t\t\t\t<\/div>\n\t\t\t\t\t<\/div>\n\t\t<\/div>\n\t\t\t\t\t<\/div>\n\t\t<\/section>\n\t\t\t\t<\/div>\n\t\t","protected":false},"excerpt":{"rendered":"<p>\u00a7.1 Postanowienia Og\u00f3lne Administratorem danych jest BRETTON PAPER &amp; RECYCLING Sp. z o.o. z siedzib\u0105 w Gdyni przy al. Marsza\u0142ka Pi\u0142sudskiego 18\/3, 81-378 Gdynia, NIP:593-22-58-254, REGON: 192092881. Ochrona danych odbywa si\u0119 zgodnie z wymogami powszechnie obowi\u0105zuj\u0105cych przepis\u00f3w prawa, a ich przechowywanie ma miejsce na zabezpieczonych serwerach. Dla interpretacji termin\u00f3w stosuje si\u0119 s\u0142owniczek Regulaminu lub tak <\/p>\n","protected":false},"author":1,"featured_media":0,"parent":0,"menu_order":0,"comment_status":"closed","ping_status":"closed","template":"","meta":{"footnotes":""},"class_list":["post-597","page","type-page","status-publish","hentry"],"translation":{"provider":"WPGlobus","version":"3.0.0","language":"gb","enabled_languages":["pl","gb"],"languages":{"pl":{"title":true,"content":true,"excerpt":false},"gb":{"title":false,"content":false,"excerpt":false}}},"yoast_head":"<!-- This site is optimized with the Yoast SEO plugin v26.3 - https:\/\/yoast.com\/wordpress\/plugins\/seo\/ -->\n<title>Polityka prywatno\u015bci -<\/title>\n<meta name=\"robots\" content=\"index, follow, max-snippet:-1, max-image-preview:large, max-video-preview:-1\" \/>\n<link rel=\"canonical\" href=\"https:\/\/bretton.pl\/polityka-prywatnosci\/\" \/>\n<meta property=\"og:locale\" content=\"en_GB\" \/>\n<meta property=\"og:type\" content=\"article\" \/>\n<meta property=\"og:title\" content=\"Polityka prywatno\u015bci -\" \/>\n<meta property=\"og:url\" content=\"https:\/\/bretton.pl\/polityka-prywatnosci\/\" \/>\n<meta property=\"article:modified_time\" content=\"2021-01-10T13:04:18+00:00\" \/>\n<meta name=\"twitter:card\" content=\"summary_large_image\" \/>\n<meta name=\"twitter:label1\" content=\"Est. reading time\" \/>\n\t<meta name=\"twitter:data1\" content=\"5 minutes\" \/>\n<script type=\"application\/ld+json\" class=\"yoast-schema-graph\">{\"@context\":\"https:\/\/schema.org\",\"@graph\":[{\"@type\":\"WebPage\",\"@id\":\"https:\/\/bretton.pl\/polityka-prywatnosci\/\",\"url\":\"https:\/\/bretton.pl\/polityka-prywatnosci\/\",\"name\":\"Polityka prywatno\u015bci -\",\"isPartOf\":{\"@id\":\"https:\/\/bretton.pl\/#website\"},\"datePublished\":\"2020-12-30T19:06:58+00:00\",\"dateModified\":\"2021-01-10T13:04:18+00:00\",\"breadcrumb\":{\"@id\":\"https:\/\/bretton.pl\/polityka-prywatnosci\/#breadcrumb\"},\"inLanguage\":\"en-GB\",\"potentialAction\":[{\"@type\":\"ReadAction\",\"target\":[\"https:\/\/bretton.pl\/polityka-prywatnosci\/\"]}]},{\"@type\":\"BreadcrumbList\",\"@id\":\"https:\/\/bretton.pl\/polityka-prywatnosci\/#breadcrumb\",\"itemListElement\":[{\"@type\":\"ListItem\",\"position\":1,\"name\":\"Strona g\u0142\u00f3wna\",\"item\":\"https:\/\/bretton.pl\/\"},{\"@type\":\"ListItem\",\"position\":2,\"name\":\"Polityka prywatno\u015bci\"}]},{\"@type\":\"WebSite\",\"@id\":\"https:\/\/bretton.pl\/#website\",\"url\":\"https:\/\/bretton.pl\/\",\"name\":\"BRETTON PAPER &amp; RECYCLING Sp. z o. o.\",\"description\":\"\",\"publisher\":{\"@id\":\"https:\/\/bretton.pl\/#organization\"},\"potentialAction\":[{\"@type\":\"SearchAction\",\"target\":{\"@type\":\"EntryPoint\",\"urlTemplate\":\"https:\/\/bretton.pl\/?s={search_term_string}\"},\"query-input\":{\"@type\":\"PropertyValueSpecification\",\"valueRequired\":true,\"valueName\":\"search_term_string\"}}],\"inLanguage\":\"en-GB\"},{\"@type\":\"Organization\",\"@id\":\"https:\/\/bretton.pl\/#organization\",\"name\":\"BRETTON PAPER & RECYCLING Sp. z o.o.\",\"url\":\"https:\/\/bretton.pl\/\",\"logo\":{\"@type\":\"ImageObject\",\"inLanguage\":\"en-GB\",\"@id\":\"https:\/\/bretton.pl\/#\/schema\/logo\/image\/\",\"url\":\"https:\/\/bretton.pl\/wp-content\/uploads\/2020\/12\/cropped-Logo-BRETTON-2020.png\",\"contentUrl\":\"https:\/\/bretton.pl\/wp-content\/uploads\/2020\/12\/cropped-Logo-BRETTON-2020.png\",\"width\":240,\"height\":66,\"caption\":\"BRETTON PAPER & RECYCLING Sp. z o.o.\"},\"image\":{\"@id\":\"https:\/\/bretton.pl\/#\/schema\/logo\/image\/\"}}]}<\/script>\n<!-- \/ Yoast SEO plugin. -->","yoast_head_json":{"title":"Polityka prywatno\u015bci -","robots":{"index":"index","follow":"follow","max-snippet":"max-snippet:-1","max-image-preview":"max-image-preview:large","max-video-preview":"max-video-preview:-1"},"canonical":"https:\/\/bretton.pl\/polityka-prywatnosci\/","og_locale":"en_GB","og_type":"article","og_title":"Polityka prywatno\u015bci -","og_url":"https:\/\/bretton.pl\/polityka-prywatnosci\/","article_modified_time":"2021-01-10T13:04:18+00:00","twitter_card":"summary_large_image","twitter_misc":{"Est. reading time":"5 minutes"},"schema":{"@context":"https:\/\/schema.org","@graph":[{"@type":"WebPage","@id":"https:\/\/bretton.pl\/polityka-prywatnosci\/","url":"https:\/\/bretton.pl\/polityka-prywatnosci\/","name":"Polityka prywatno\u015bci -","isPartOf":{"@id":"https:\/\/bretton.pl\/#website"},"datePublished":"2020-12-30T19:06:58+00:00","dateModified":"2021-01-10T13:04:18+00:00","breadcrumb":{"@id":"https:\/\/bretton.pl\/polityka-prywatnosci\/#breadcrumb"},"inLanguage":"en-GB","potentialAction":[{"@type":"ReadAction","target":["https:\/\/bretton.pl\/polityka-prywatnosci\/"]}]},{"@type":"BreadcrumbList","@id":"https:\/\/bretton.pl\/polityka-prywatnosci\/#breadcrumb","itemListElement":[{"@type":"ListItem","position":1,"name":"Strona g\u0142\u00f3wna","item":"https:\/\/bretton.pl\/"},{"@type":"ListItem","position":2,"name":"Polityka prywatno\u015bci"}]},{"@type":"WebSite","@id":"https:\/\/bretton.pl\/#website","url":"https:\/\/bretton.pl\/","name":"BRETTON PAPER &amp; RECYCLING Sp. z o. o.","description":"","publisher":{"@id":"https:\/\/bretton.pl\/#organization"},"potentialAction":[{"@type":"SearchAction","target":{"@type":"EntryPoint","urlTemplate":"https:\/\/bretton.pl\/?s={search_term_string}"},"query-input":{"@type":"PropertyValueSpecification","valueRequired":true,"valueName":"search_term_string"}}],"inLanguage":"en-GB"},{"@type":"Organization","@id":"https:\/\/bretton.pl\/#organization","name":"BRETTON PAPER & RECYCLING Sp. z o.o.","url":"https:\/\/bretton.pl\/","logo":{"@type":"ImageObject","inLanguage":"en-GB","@id":"https:\/\/bretton.pl\/#\/schema\/logo\/image\/","url":"https:\/\/bretton.pl\/wp-content\/uploads\/2020\/12\/cropped-Logo-BRETTON-2020.png","contentUrl":"https:\/\/bretton.pl\/wp-content\/uploads\/2020\/12\/cropped-Logo-BRETTON-2020.png","width":240,"height":66,"caption":"BRETTON PAPER & RECYCLING Sp. z o.o."},"image":{"@id":"https:\/\/bretton.pl\/#\/schema\/logo\/image\/"}}]}},"_links":{"self":[{"href":"https:\/\/bretton.pl\/gb\/wp-json\/wp\/v2\/pages\/597","targetHints":{"allow":["GET"]}}],"collection":[{"href":"https:\/\/bretton.pl\/gb\/wp-json\/wp\/v2\/pages"}],"about":[{"href":"https:\/\/bretton.pl\/gb\/wp-json\/wp\/v2\/types\/page"}],"author":[{"embeddable":true,"href":"https:\/\/bretton.pl\/gb\/wp-json\/wp\/v2\/users\/1"}],"replies":[{"embeddable":true,"href":"https:\/\/bretton.pl\/gb\/wp-json\/wp\/v2\/comments?post=597"}],"version-history":[{"count":13,"href":"https:\/\/bretton.pl\/gb\/wp-json\/wp\/v2\/pages\/597\/revisions"}],"predecessor-version":[{"id":744,"href":"https:\/\/bretton.pl\/gb\/wp-json\/wp\/v2\/pages\/597\/revisions\/744"}],"wp:attachment":[{"href":"https:\/\/bretton.pl\/gb\/wp-json\/wp\/v2\/media?parent=597"}],"curies":[{"name":"wp","href":"https:\/\/api.w.org\/{rel}","templated":true}]}}